{"id":147,"date":"2025-10-31T12:38:26","date_gmt":"2025-10-31T10:38:26","guid":{"rendered":"https:\/\/osteopatiaalexarnau.cat\/osteopata-alex-arnau\/"},"modified":"2026-01-08T12:14:39","modified_gmt":"2026-01-08T10:14:39","slug":"osteopata-alex-arnau","status":"publish","type":"page","link":"https:\/\/osteopatiaalexarnau.cat\/es\/","title":{"rendered":"Oste\u00f3pata \u00c0lex Arnau"},"content":{"rendered":"\n<div class=\"wp-block-cover alignfull has-parallax\" style=\"margin-top:0;margin-bottom:0;padding-top:0;padding-bottom:0;min-height:100vh;aspect-ratio:unset;\"><div class=\"wp-block-cover__image-background wp-image-12 size-large has-parallax\" style=\"background-position:50% 50%;background-image:url(https:\/\/osteopatiaalexarnau.cat\/wp-content\/uploads\/2025\/10\/pexels-mahima-518693-1250260-1024x683.jpg)\"><\/div><span aria-hidden=\"true\" class=\"wp-block-cover__background has-background-dim-40 has-background-dim\" style=\"background-color:#000000\"><\/span><div class=\"wp-block-cover__inner-container is-layout-flow wp-block-cover-is-layout-flow\">\n<h2 class=\"wp-block-heading alignwide has-white-color has-text-color\" style=\"font-size:48px;line-height:1.2\">Enfermero y oste\u00f3pata<\/h2>\n\n\n\n<div class=\"wp-block-columns alignwide is-layout-flex wp-container-core-columns-is-layout-9d6595d7 wp-block-columns-is-layout-flex\">\n<div class=\"wp-block-column is-layout-flow wp-block-column-is-layout-flow\" style=\"flex-basis:60%\">\n<p class=\"has-text-color has-medium-font-size\" style=\"color:#ffffff\">M\u00e1s de veinticinco a\u00f1os al servicio de la salud, integrando el conocimiento cient\u00edfico con una mirada global del cuerpo y de la persona.<\/p>\n\n\n\n<p><em>Una pr\u00e1ctica basada en el rigor, la escucha y la confianza.<\/em><\/p>\n\n\n\n<div class=\"wp-block-buttons is-layout-flex wp-block-buttons-is-layout-flex\">\n<div class=\"wp-block-button is-style-outline is-style-outline--1\"><a class=\"wp-block-button__link has-theme-palette-1-background-color has-text-color has-background wp-element-button\" href=\"https:\/\/online.archivexclinical.com\/2ksg6XR6cQuqGcrrDQNjUqSbqZuhHj\" style=\"color:#ffffff\">RESERVAR VISITA<\/a><\/div>\n<\/div>\n<\/div>\n\n\n\n<div class=\"wp-block-column is-layout-flow wp-block-column-is-layout-flow\"><\/div>\n<\/div>\n<\/div><\/div>\n\n<div class=\"wp-block-media-text alignfull is-stacked-on-mobile is-vertically-aligned-center has-theme-palette-1-background-color has-background\" style=\"margin-top:0;margin-bottom:0;padding-top:0;padding-bottom:0\"><figure class=\"wp-block-media-text__media\"><img loading=\"lazy\" decoding=\"async\" width=\"819\" height=\"1024\" src=\"https:\/\/osteopatiaalexarnau.cat\/wp-content\/uploads\/2025\/10\/WhatsApp-Image-2025-10-18-at-10.24.31-1-819x1024.jpeg\" alt=\"\" class=\"wp-image-16 size-full\" srcset=\"https:\/\/osteopatiaalexarnau.cat\/wp-content\/uploads\/2025\/10\/WhatsApp-Image-2025-10-18-at-10.24.31-1-819x1024.jpeg 819w, https:\/\/osteopatiaalexarnau.cat\/wp-content\/uploads\/2025\/10\/WhatsApp-Image-2025-10-18-at-10.24.31-1-240x300.jpeg 240w, https:\/\/osteopatiaalexarnau.cat\/wp-content\/uploads\/2025\/10\/WhatsApp-Image-2025-10-18-at-10.24.31-1-768x960.jpeg 768w, https:\/\/osteopatiaalexarnau.cat\/wp-content\/uploads\/2025\/10\/WhatsApp-Image-2025-10-18-at-10.24.31-1.jpeg 1080w\" sizes=\"auto, (max-width: 819px) 100vw, 819px\" \/><\/figure><div class=\"wp-block-media-text__content\">\n<h3 class=\"wp-block-heading has-text-align-left has-theme-palette-9-color has-text-color has-medium-font-size\">Soy <strong>enfermero y oste\u00f3pata<\/strong>, con m\u00e1s de <strong>veinticinco a\u00f1os de experiencia<\/strong> en el mundo sanitario.<br\/>Desde el a\u00f1o <strong>2016<\/strong> ejerzo como oste\u00f3pata formado en la <strong>ECO \u2014Escuela del Concepto Osteop\u00e1tico\u2014<\/strong>, donde consolid\u00e9 una <strong>visi\u00f3n integradora de la salud<\/strong>, basada en el conocimiento cient\u00edfico, la fisiolog\u00eda y la globalidad del cuerpo humano.<\/h3>\n\n\n\n<p class=\"has-theme-palette-9-color has-text-color has-link-color wp-elements-911bbcaf18870a3481c4e366aff8474f\">Mi trayectoria profesional combina <strong>dos dimensiones aparentemente diferentes<\/strong>, pero profundamente complementarias:<br\/>por un lado, <strong>el abordaje del enfermo cr\u00edtico<\/strong> en emergencias, donde la precisi\u00f3n, la rapidez y el trabajo en equipo son esenciales;<br\/>por otro, <strong>la osteopat\u00eda<\/strong>, una pr\u00e1ctica m\u00e1s pausada y reflexiva que busca comprender las causas de las disfunciones, el papel del sistema nervioso y la capacidad natural del cuerpo para autorregularse.<\/p>\n\n\n\n<p class=\"has-text-align-left has-theme-palette-9-color has-text-color has-link-color wp-elements-6db785e950370d21fb499e65a65eb263\">A trav\u00e9s de esta doble mirada, uno <strong>el rigor cl\u00ednico de la medicina<\/strong> con <strong>la sensibilidad y la globalidad de la osteopat\u00eda<\/strong>, para ofrecer un acompa\u00f1amiento basado en la confianza, la escucha y la coherencia.<\/p>\n<\/div><\/div>\n\n<div class=\"wp-block-cover alignfull\" style=\"margin-top:0;margin-bottom:0\"><span aria-hidden=\"true\" class=\"wp-block-cover__background has-theme-palette-2-background-color has-background-dim-100 has-background-dim\"><\/span><div class=\"wp-block-cover__inner-container is-layout-constrained wp-block-cover-is-layout-constrained\">\n<p class=\"has-text-align-center has-medium-font-size\">Mi inter\u00e9s por la osteopat\u00eda naci\u00f3 del deseo de ir m\u00e1s all\u00e1 del s\u00edntoma y<br\/>de integrar todo aquello que a menudo queda fuera del modelo m\u00e9dico convencional. A trav\u00e9s<br\/>de esta disciplina, entiendo la salud como un equilibrio din\u00e1mico que abarca no<br\/>solo el \u00e1mbito f\u00edsico, sino tambi\u00e9n el emocional y el adaptativo. Mi pr\u00e1ctica parte<br\/>de un principio fundamental: cada persona es \u00fanica, y el cuerpo posee los<br\/>mecanismos necesarios para restablecer la armon\u00eda cuando se le ofrecen las<br\/>condiciones adecuadas.<\/p>\n<\/div><\/div>\n\n<div class=\"wp-block-cover\" style=\"margin-top:0;margin-bottom:0\"><span aria-hidden=\"true\" class=\"wp-block-cover__background has-theme-palette-9-background-color has-background-dim-100 has-background-dim\"><\/span><div class=\"wp-block-cover__inner-container is-layout-constrained wp-block-cover-is-layout-constrained\">\n<p class=\"has-text-align-center has-medium-font-size\"><\/p>\n\n\n\n<div class=\"wp-block-columns is-layout-flex wp-container-core-columns-is-layout-9d6595d7 wp-block-columns-is-layout-flex\">\n<div class=\"wp-block-column is-layout-flow wp-block-column-is-layout-flow\">\n<p class=\"has-theme-palette-1-color has-text-color has-link-color wp-elements-22bbd7fa063105c11732bcf8593e1edd\">Desde el a\u00f1o 2021 formo parte del equipo docente de la ECO, inicialmente como profesor asistente, y este curso 2026 he asumido el rol de profesor titular.<br\/>Esta etapa me ha permitido compartir mi conocimiento y, a la vez, seguir aprendiendo de compa\u00f1eros y estudiantes, en un entorno que mantiene vivo el esp\u00edritu de investigaci\u00f3n y respeto que caracteriza la osteopat\u00eda.<\/p>\n\n\n\n<p class=\"has-theme-palette-1-color has-text-color has-link-color wp-elements-38c9da9a358d8ccc217568f674eaac02\">Con una formaci\u00f3n s\u00f3lida y una actitud constante de aprendizaje, procuro combinar el rigor cl\u00ednico con una profunda vocaci\u00f3n de acompa\u00f1amiento. Me gusta integrar lo mejor de la medicina alop\u00e1tica \u2014en la que conf\u00edo y que sigo ejerciendo\u2014 con la mirada global y preventiva de la osteopat\u00eda.<\/p>\n<\/div>\n\n\n\n<div class=\"wp-block-column is-layout-flow wp-block-column-is-layout-flow\">\n<p class=\"has-theme-palette-1-color has-text-color has-link-color wp-elements-a34255dd21342ec6f925ff7341100614\">En mi pr\u00e1ctica profesional, doy mucha importancia a establecer una relaci\u00f3n de confianza y comunicaci\u00f3n con el paciente, basada en la escucha activa y en el respeto por su proceso individual. Creo en una medicina abierta y colaborativa, donde diferentes disciplinas pueden dialogar para mejorar la salud de manera integral.<\/p>\n\n\n\n<p class=\"has-theme-palette-1-color has-text-color has-link-color wp-elements-21a00dbfc23725694ad4181604f79566\">Mi objetivo como profesional es ofrecer un espacio de trabajo donde la persona pueda comprender mejor su cuerpo, recuperar el equilibrio y participar activamente en su propio proceso de salud. Acompa\u00f1ar este camino es, para m\u00ed, la parte m\u00e1s valiosa y gratificante de mi trabajo.<\/p>\n<\/div>\n<\/div>\n\n\n\n<p class=\"has-text-align-center has-medium-font-size\"><\/p>\n<\/div><\/div>\n","protected":false},"excerpt":{"rendered":"<p>Soy enfermero y oste\u00f3pata, con m\u00e1s de veinticinco a\u00f1os de experiencia en el mundo sanitario.Desde el a\u00f1o 2016 ejerzo como oste\u00f3pata formado en la ECO \u2014Escuela del Concepto Osteop\u00e1tico\u2014, donde consolid\u00e9 una visi\u00f3n integradora de la salud, basada en el conocimiento cient\u00edfico, la fisiolog\u00eda y la globalidad del cuerpo humano. Mi trayectoria profesional combina dos&#8230;<\/p>\n","protected":false},"author":1,"featured_media":0,"parent":0,"menu_order":0,"comment_status":"closed","ping_status":"open","template":"","meta":{"_kad_post_transparent":"","_kad_post_title":"","_kad_post_layout":"","_kad_post_sidebar_id":"","_kad_post_content_style":"","_kad_post_vertical_padding":"","_kad_post_feature":"","_kad_post_feature_position":"","_kad_post_header":false,"_kad_post_footer":false,"_kad_post_classname":"","footnotes":""},"class_list":["post-147","page","type-page","status-publish","hentry"],"_links":{"self":[{"href":"https:\/\/osteopatiaalexarnau.cat\/es\/wp-json\/wp\/v2\/pages\/147","targetHints":{"allow":["GET"]}}],"collection":[{"href":"https:\/\/osteopatiaalexarnau.cat\/es\/wp-json\/wp\/v2\/pages"}],"about":[{"href":"https:\/\/osteopatiaalexarnau.cat\/es\/wp-json\/wp\/v2\/types\/page"}],"author":[{"embeddable":true,"href":"https:\/\/osteopatiaalexarnau.cat\/es\/wp-json\/wp\/v2\/users\/1"}],"replies":[{"embeddable":true,"href":"https:\/\/osteopatiaalexarnau.cat\/es\/wp-json\/wp\/v2\/comments?post=147"}],"version-history":[{"count":1,"href":"https:\/\/osteopatiaalexarnau.cat\/es\/wp-json\/wp\/v2\/pages\/147\/revisions"}],"predecessor-version":[{"id":150,"href":"https:\/\/osteopatiaalexarnau.cat\/es\/wp-json\/wp\/v2\/pages\/147\/revisions\/150"}],"wp:attachment":[{"href":"https:\/\/osteopatiaalexarnau.cat\/es\/wp-json\/wp\/v2\/media?parent=147"}],"curies":[{"name":"wp","href":"https:\/\/api.w.org\/{rel}","templated":true}]}}