{"id":130,"date":"2025-10-31T13:25:26","date_gmt":"2025-10-31T11:25:26","guid":{"rendered":"https:\/\/osteopatiaalexarnau.cat\/contacto\/"},"modified":"2026-01-08T12:13:22","modified_gmt":"2026-01-08T10:13:22","slug":"contacto","status":"publish","type":"page","link":"https:\/\/osteopatiaalexarnau.cat\/es\/contacto\/","title":{"rendered":"Contacto"},"content":{"rendered":"\n<div class=\"wp-block-cover has-theme-palette-2-color has-text-color has-link-color wp-elements-adce69f94eb34c10c9cf7a59fd6ac644\"><span aria-hidden=\"true\" class=\"wp-block-cover__background has-theme-palette-9-background-color has-background-dim-100 has-background-dim\"><\/span><div class=\"wp-block-cover__inner-container is-layout-constrained wp-block-cover-is-layout-constrained\">\n<p class=\"has-text-align-center has-theme-palette-2-color has-text-color has-link-color has-large-font-size wp-elements-1faa6b852237512fb09352ad9f3dd545\">Gracias por ponerse en contacto conmigo.<br\/>Soy \u00c0lex Arnau, oste\u00f3pata de Salut Vila-seca.<\/p>\n\n\n\n<p class=\"has-text-align-center has-theme-palette-1-color has-text-color has-link-color wp-elements-de398c53fc4cee934039514ee711afa5\">Si es la primera vez que viene, ll\u00e1meme; no podr\u00e1 seguir con la cita online.<\/p>\n\n\n\n<p class=\"has-text-align-center has-theme-palette-1-color has-text-color has-link-color wp-elements-28a150fc35f30342d2111028b37185e1\">Si ya nos conocemos, haga clic en el siguiente enlace para concertar una cita.<\/p>\n\n\n\n<p class=\"has-text-align-center has-theme-palette-1-color has-text-color has-link-color wp-elements-b7e32aca992ee46b7cc46345c54eb1d7\">Introduzca su DNI y le enviaremos un c\u00f3digo de verificaci\u00f3n al correo electr\u00f3nico (revise la carpeta de correo no deseado si no lo recibe). Una vez verificado con el c\u00f3digo, reserve la cita que desee.<\/p>\n\n\n\n<div class=\"wp-block-columns is-layout-flex wp-container-core-columns-is-layout-9d6595d7 wp-block-columns-is-layout-flex\">\n<div class=\"wp-block-column is-vertically-aligned-center is-layout-flow wp-block-column-is-layout-flow\"><div class=\"wp-block-image\">\n<figure class=\"aligncenter size-full is-resized\"><img loading=\"lazy\" decoding=\"async\" width=\"520\" height=\"520\" src=\"https:\/\/osteopatiaalexarnau.cat\/wp-content\/uploads\/2025\/11\/logoVILASECA.png\" alt=\"\" class=\"wp-image-121\" style=\"width:256px;height:auto\" srcset=\"https:\/\/osteopatiaalexarnau.cat\/wp-content\/uploads\/2025\/11\/logoVILASECA.png 520w, https:\/\/osteopatiaalexarnau.cat\/wp-content\/uploads\/2025\/11\/logoVILASECA-300x300.png 300w, https:\/\/osteopatiaalexarnau.cat\/wp-content\/uploads\/2025\/11\/logoVILASECA-150x150.png 150w\" sizes=\"auto, (max-width: 520px) 100vw, 520px\" \/><\/figure>\n<\/div><\/div>\n\n\n\n<div class=\"wp-block-column is-vertically-aligned-center is-layout-flow wp-block-column-is-layout-flow\">\n<p><\/p>\n\n\n\n<div class=\"wp-block-group\"><div class=\"wp-block-group__inner-container is-layout-constrained wp-block-group-is-layout-constrained\">\n<h2 class=\"wp-block-heading has-medium-font-size\"><a href=\"https:\/\/maps.google.com\/?q=Carrer%20del%20Tenor%20Josep%20Forast%C3%A9%2C%202%2C%2043480%20Vila-seca%2C%20Tarragona\" target=\"_blank\" rel=\"noreferrer noopener\">Carrer del Tenor Josep Forast\u00e9, 2, 43480 Vila-seca, Tarragona<\/a><\/h2>\n\n\n\n<h2 class=\"wp-block-heading has-medium-font-size\"><a href=\"mailto:info@salutvilaseca.com\">info@salutvilaseca.com<\/a><\/h2>\n\n\n\n<p><a href=\"tel:877%2001%2088%2034\">877 01 88 34<\/a><\/p>\n\n\n\n<p><a href=\"https:\/\/wa.me\/34658969170\">658 96 91 70<\/a><\/p>\n<\/div><\/div>\n\n\n\n<p><\/p>\n\n\n\n<iframe src=\"https:\/\/www.google.com\/maps\/embed?pb=!1m14!1m8!1m3!1d512521.5016119188!2d1.148431!3d41.112883000000004!3m2!1i1024!2i768!4f13.1!3m3!1m2!1s0x12a159e2408a8659%3A0xdde0f339fe3f2e5d!2sCarrer%20del%20Tenor%20Josep%20Forast%C3%A9%2C%202%2C%2043480%20Vila-seca%2C%20Tarragona%2C%20Espa%C3%B1a!5e1!3m2!1ses!2sus!4v1764070202059!5m2!1ses!2sus\" width=\"100%\" height=\"250\" style=\"border:0;\" allowfullscreen=\"\" loading=\"lazy\" referrerpolicy=\"no-referrer-when-downgrade\"><\/iframe>\n<\/div>\n<\/div>\n\n\n\n<div class=\"wp-block-buttons is-layout-flex wp-block-buttons-is-layout-flex\">\n<div class=\"wp-block-button has-custom-width wp-block-button__width-100\"><a class=\"wp-block-button__link wp-element-button\" href=\"https:\/\/online.archivexclinical.com\/2ksg6XR6cQuqGcrrDQNjUqSbqZuhHj\">RESERVAR CITA<\/a><\/div>\n<\/div>\n\n\n\n<div class=\"wpcf7 no-js\" id=\"wpcf7-f160-o1\" lang=\"es-ES\" dir=\"ltr\" data-wpcf7-id=\"160\">\n<div class=\"screen-reader-response\"><p role=\"status\" aria-live=\"polite\" aria-atomic=\"true\"><\/p> <ul><\/ul><\/div>\n<form action=\"\/es\/wp-json\/wp\/v2\/pages\/130#wpcf7-f160-o1\" method=\"post\" class=\"wpcf7-form init\" aria-label=\"Formulario de contacto\" novalidate=\"novalidate\" data-status=\"init\">\n<fieldset class=\"hidden-fields-container\"><input type=\"hidden\" name=\"_wpcf7\" value=\"160\" \/><input type=\"hidden\" name=\"_wpcf7_version\" value=\"6.1.5\" \/><input type=\"hidden\" name=\"_wpcf7_locale\" value=\"es_ES\" \/><input type=\"hidden\" name=\"_wpcf7_unit_tag\" value=\"wpcf7-f160-o1\" \/><input type=\"hidden\" name=\"_wpcf7_container_post\" value=\"0\" \/><input type=\"hidden\" name=\"_wpcf7_posted_data_hash\" value=\"\" \/>\n<\/fieldset>\n<p><label> El nombre<br \/>\n<span class=\"wpcf7-form-control-wrap\" data-name=\"your-name\"><input size=\"40\" maxlength=\"400\" class=\"wpcf7-form-control wpcf7-text wpcf7-validates-as-required\" autocomplete=\"name\" aria-required=\"true\" aria-invalid=\"false\" value=\"\" type=\"text\" name=\"your-name\" \/><\/span> <\/label>\n<\/p>\n<p><label> El correo electr\u00f3nico<br \/>\n<span class=\"wpcf7-form-control-wrap\" data-name=\"your-email\"><input size=\"40\" maxlength=\"400\" class=\"wpcf7-form-control wpcf7-email wpcf7-validates-as-required wpcf7-text wpcf7-validates-as-email\" autocomplete=\"email\" aria-required=\"true\" aria-invalid=\"false\" value=\"\" type=\"email\" name=\"your-email\" \/><\/span> <\/label>\n<\/p>\n<p><label> Asunto<br \/>\n<span class=\"wpcf7-form-control-wrap\" data-name=\"your-subject\"><input size=\"40\" maxlength=\"400\" class=\"wpcf7-form-control wpcf7-text wpcf7-validates-as-required\" aria-required=\"true\" aria-invalid=\"false\" value=\"\" type=\"text\" name=\"your-subject\" \/><\/span> <\/label>\n<\/p>\n<p><label> El mensaje (opcional)<br \/>\n<span class=\"wpcf7-form-control-wrap\" data-name=\"your-message\"><textarea cols=\"40\" rows=\"10\" maxlength=\"2000\" class=\"wpcf7-form-control wpcf7-textarea\" aria-invalid=\"false\" name=\"your-message\"><\/textarea><\/span> <\/label>\n<\/p>\n<p><input class=\"wpcf7-form-control wpcf7-submit has-spinner\" type=\"submit\" value=\"Enviar\" \/>\n<\/p><div class=\"wpcf7-response-output\" aria-hidden=\"true\"><\/div>\n<\/form>\n<\/div>\n\n\n\n\n<p class=\"has-text-align-center has-large-font-size\"><\/p>\n<\/div><\/div>\n","protected":false},"excerpt":{"rendered":"","protected":false},"author":1,"featured_media":0,"parent":0,"menu_order":0,"comment_status":"closed","ping_status":"closed","template":"","meta":{"_kad_post_transparent":"","_kad_post_title":"","_kad_post_layout":"","_kad_post_sidebar_id":"","_kad_post_content_style":"","_kad_post_vertical_padding":"","_kad_post_feature":"","_kad_post_feature_position":"","_kad_post_header":false,"_kad_post_footer":false,"_kad_post_classname":"","footnotes":""},"class_list":["post-130","page","type-page","status-publish","hentry"],"_links":{"self":[{"href":"https:\/\/osteopatiaalexarnau.cat\/es\/wp-json\/wp\/v2\/pages\/130","targetHints":{"allow":["GET"]}}],"collection":[{"href":"https:\/\/osteopatiaalexarnau.cat\/es\/wp-json\/wp\/v2\/pages"}],"about":[{"href":"https:\/\/osteopatiaalexarnau.cat\/es\/wp-json\/wp\/v2\/types\/page"}],"author":[{"embeddable":true,"href":"https:\/\/osteopatiaalexarnau.cat\/es\/wp-json\/wp\/v2\/users\/1"}],"replies":[{"embeddable":true,"href":"https:\/\/osteopatiaalexarnau.cat\/es\/wp-json\/wp\/v2\/comments?post=130"}],"version-history":[{"count":1,"href":"https:\/\/osteopatiaalexarnau.cat\/es\/wp-json\/wp\/v2\/pages\/130\/revisions"}],"predecessor-version":[{"id":132,"href":"https:\/\/osteopatiaalexarnau.cat\/es\/wp-json\/wp\/v2\/pages\/130\/revisions\/132"}],"wp:attachment":[{"href":"https:\/\/osteopatiaalexarnau.cat\/es\/wp-json\/wp\/v2\/media?parent=130"}],"curies":[{"name":"wp","href":"https:\/\/api.w.org\/{rel}","templated":true}]}}